{"id":2099,"date":"2022-04-07T19:44:38","date_gmt":"2022-04-07T19:44:38","guid":{"rendered":"https:\/\/wpsworkshop.com\/?page_id=2099"},"modified":"2025-03-26T01:43:48","modified_gmt":"2025-03-26T01:43:48","slug":"recursos","status":"publish","type":"page","link":"https:\/\/wpsworkshop.com\/en\/recursos\/","title":{"rendered":"Resources"},"content":{"rendered":"<div data-elementor-type=\"wp-page\" data-elementor-id=\"2099\" class=\"elementor elementor-2099\" data-elementor-settings=\"[]\">\n\t\t\t\t\t\t<div class=\"elementor-inner\">\n\t\t\t\t\t\t\t<div class=\"elementor-section-wrap\">\n\t\t\t\t\t\t\t<section class=\"elementor-section elementor-top-section elementor-element elementor-element-3b32f36 elementor-section-boxed elementor-section-height-default elementor-section-height-default\" data-id=\"3b32f36\" data-element_type=\"section\" data-settings=\"{&quot;background_background&quot;:&quot;classic&quot;,&quot;motion_fx_motion_fx_scrolling&quot;:&quot;yes&quot;,&quot;motion_fx_devices&quot;:[&quot;desktop&quot;,&quot;tablet&quot;,&quot;mobile&quot;]}\">\n\t\t\t\t\t\t\t<div class=\"elementor-background-overlay\"><\/div>\n\t\t\t\t\t\t\t<div class=\"elementor-container elementor-column-gap-no\">\n\t\t\t\t\t\t\t<div class=\"elementor-row\">\n\t\t\t\t\t<div class=\"elementor-column elementor-col-100 elementor-top-column elementor-element elementor-element-c68c1cc\" data-id=\"c68c1cc\" data-element_type=\"column\">\n\t\t\t<div class=\"elementor-column-wrap elementor-element-populated\">\n\t\t\t\t\t\t\t<div class=\"elementor-widget-wrap\">\n\t\t\t\t\t\t<div class=\"elementor-element elementor-element-8c4a477 elementor-widget elementor-widget-heading\" data-id=\"8c4a477\" data-element_type=\"widget\" data-widget_type=\"heading.default\">\n\t\t\t\t<div class=\"elementor-widget-container\">\n\t\t\t<h6 class=\"elementor-heading-title elementor-size-default\">WELLHEAD &amp; PUMP SYSTEMS<\/h6>\t\t<\/div>\n\t\t\t\t<\/div>\n\t\t\t\t<div class=\"elementor-element elementor-element-6cda404 elementor-widget elementor-widget-heading\" data-id=\"6cda404\" data-element_type=\"widget\" data-widget_type=\"heading.default\">\n\t\t\t\t<div class=\"elementor-widget-container\">\n\t\t\t<h1 class=\"elementor-heading-title elementor-size-default\">Resources<\/h1>\t\t<\/div>\n\t\t\t\t<\/div>\n\t\t\t\t<div class=\"elementor-element elementor-element-a7c1e28 elementor-widget elementor-widget-heading\" data-id=\"a7c1e28\" data-element_type=\"widget\" data-widget_type=\"heading.default\">\n\t\t\t\t<div class=\"elementor-widget-container\">\n\t\t\t<h3 class=\"elementor-heading-title elementor-size-default\">Free resources for oil industry experts and students<\/h3>\t\t<\/div>\n\t\t\t\t<\/div>\n\t\t\t\t<div class=\"elementor-element elementor-element-2a6c89c elementor-widget-divider--view-line elementor-widget elementor-widget-divider\" data-id=\"2a6c89c\" data-element_type=\"widget\" data-widget_type=\"divider.default\">\n\t\t\t\t<div class=\"elementor-widget-container\">\n\t\t\t\t\t<div class=\"elementor-divider\">\n\t\t\t<span class=\"elementor-divider-separator\">\n\t\t\t\t\t\t<\/span>\n\t\t<\/div>\n\t\t\t\t<\/div>\n\t\t\t\t<\/div>\n\t\t\t\t\t\t<\/div>\n\t\t\t\t\t<\/div>\n\t\t<\/div>\n\t\t\t\t\t\t\t\t<\/div>\n\t\t\t\t\t<\/div>\n\t\t<\/section>\n\t\t\t\t<section class=\"elementor-section elementor-top-section elementor-element elementor-element-07adb1c elementor-section-boxed elementor-section-height-default elementor-section-height-default\" data-id=\"07adb1c\" data-element_type=\"section\">\n\t\t\t\t\t\t<div class=\"elementor-container elementor-column-gap-default\">\n\t\t\t\t\t\t\t<div class=\"elementor-row\">\n\t\t\t\t\t<div class=\"elementor-column elementor-col-33 elementor-top-column elementor-element elementor-element-c799229\" data-id=\"c799229\" data-element_type=\"column\">\n\t\t\t<div class=\"elementor-column-wrap elementor-element-populated\">\n\t\t\t\t\t\t\t<div class=\"elementor-widget-wrap\">\n\t\t\t\t\t\t<div class=\"elementor-element elementor-element-ff4c788 elementor-position-top elementor-vertical-align-top elementor-widget elementor-widget-image-box\" data-id=\"ff4c788\" data-element_type=\"widget\" data-widget_type=\"image-box.default\">\n\t\t\t\t<div class=\"elementor-widget-container\">\n\t\t\t<div class=\"elementor-image-box-wrapper\"><figure class=\"elementor-image-box-img\"><a href=\"https:\/\/wpsworkshop.com\/en\/calculadora-de-desplazamiento\/\"><img loading=\"lazy\" decoding=\"async\" width=\"1280\" height=\"960\" src=\"https:\/\/i0.wp.com\/wpsworkshop.com\/wp-content\/uploads\/2022\/04\/crude-oil-oil-well-crude-oil-extraction-7062211.png?fit=1280%2C960&amp;ssl=1\" class=\"attachment-full size-full\" alt=\"crude oil, oil well, crude oil extraction-7062211.jpg\" srcset=\"https:\/\/i0.wp.com\/wpsworkshop.com\/wp-content\/uploads\/2022\/04\/crude-oil-oil-well-crude-oil-extraction-7062211.png?w=1280&amp;ssl=1 1280w, https:\/\/i0.wp.com\/wpsworkshop.com\/wp-content\/uploads\/2022\/04\/crude-oil-oil-well-crude-oil-extraction-7062211.png?resize=300%2C225&amp;ssl=1 300w, https:\/\/i0.wp.com\/wpsworkshop.com\/wp-content\/uploads\/2022\/04\/crude-oil-oil-well-crude-oil-extraction-7062211.png?resize=1024%2C768&amp;ssl=1 1024w, https:\/\/i0.wp.com\/wpsworkshop.com\/wp-content\/uploads\/2022\/04\/crude-oil-oil-well-crude-oil-extraction-7062211.png?resize=768%2C576&amp;ssl=1 768w\" sizes=\"auto, (max-width: 1000px) 100vw, 1000px\" \/><\/a><\/figure><div class=\"elementor-image-box-content\"><h1 class=\"elementor-image-box-title\"><a href=\"https:\/\/wpsworkshop.com\/en\/calculadora-de-desplazamiento\/\">Sucker rod pump displacement Calculator<\/a><\/h1><p class=\"elementor-image-box-description\">Calcula la capacidad de desplazamiento de barriles por d\u00eda de una bomba mec\u00e1nica<\/p><\/div><\/div>\t\t<\/div>\n\t\t\t\t<\/div>\n\t\t\t\t\t\t<\/div>\n\t\t\t\t\t<\/div>\n\t\t<\/div>\n\t\t\t\t<div class=\"elementor-column elementor-col-33 elementor-top-column elementor-element elementor-element-6448b11\" data-id=\"6448b11\" data-element_type=\"column\">\n\t\t\t<div class=\"elementor-column-wrap elementor-element-populated\">\n\t\t\t\t\t\t\t<div class=\"elementor-widget-wrap\">\n\t\t\t\t\t\t<div class=\"elementor-element elementor-element-6c1f187 elementor-position-top elementor-vertical-align-top elementor-widget elementor-widget-image-box\" data-id=\"6c1f187\" data-element_type=\"widget\" data-widget_type=\"image-box.default\">\n\t\t\t\t<div class=\"elementor-widget-container\">\n\t\t\t<div class=\"elementor-image-box-wrapper\"><figure class=\"elementor-image-box-img\"><a href=\"https:\/\/wpsworkshop.com\/en\/calculadora-de-perdida-por-escurrimiento-en-bm\/\"><img loading=\"lazy\" decoding=\"async\" width=\"1280\" height=\"1280\" src=\"https:\/\/i0.wp.com\/wpsworkshop.com\/wp-content\/uploads\/2022\/04\/oill.png?fit=1280%2C1280&amp;ssl=1\" class=\"attachment-full size-full\" alt=\"\" srcset=\"https:\/\/i0.wp.com\/wpsworkshop.com\/wp-content\/uploads\/2022\/04\/oill.png?w=1280&amp;ssl=1 1280w, https:\/\/i0.wp.com\/wpsworkshop.com\/wp-content\/uploads\/2022\/04\/oill.png?resize=300%2C300&amp;ssl=1 300w, https:\/\/i0.wp.com\/wpsworkshop.com\/wp-content\/uploads\/2022\/04\/oill.png?resize=1024%2C1024&amp;ssl=1 1024w, https:\/\/i0.wp.com\/wpsworkshop.com\/wp-content\/uploads\/2022\/04\/oill.png?resize=150%2C150&amp;ssl=1 150w, https:\/\/i0.wp.com\/wpsworkshop.com\/wp-content\/uploads\/2022\/04\/oill.png?resize=768%2C768&amp;ssl=1 768w\" sizes=\"auto, (max-width: 1000px) 100vw, 1000px\" \/><\/a><\/figure><div class=\"elementor-image-box-content\"><h1 class=\"elementor-image-box-title\"><a href=\"https:\/\/wpsworkshop.com\/en\/calculadora-de-perdida-por-escurrimiento-en-bm\/\">Calculadora de p\u00e9rdida por escurrimiento en bomba mec\u00e1nica<\/a><\/h1><p class=\"elementor-image-box-description\">This operation allows to know the amount of barrels lost per day by leakage between the plunger and the wall of the barrel in a sucker rod pump<\/p><\/div><\/div>\t\t<\/div>\n\t\t\t\t<\/div>\n\t\t\t\t\t\t<\/div>\n\t\t\t\t\t<\/div>\n\t\t<\/div>\n\t\t\t\t<div class=\"elementor-column elementor-col-33 elementor-top-column elementor-element elementor-element-eb56e5e\" data-id=\"eb56e5e\" data-element_type=\"column\">\n\t\t\t<div class=\"elementor-column-wrap\">\n\t\t\t\t\t\t\t<div class=\"elementor-widget-wrap\">\n\t\t\t\t\t\t\t\t<\/div>\n\t\t\t\t\t<\/div>\n\t\t<\/div>\n\t\t\t\t\t\t\t\t<\/div>\n\t\t\t\t\t<\/div>\n\t\t<\/section>\n\t\t\t\t<section class=\"elementor-section elementor-top-section elementor-element elementor-element-2c7b3ce2 elementor-section-boxed elementor-section-height-default elementor-section-height-default\" data-id=\"2c7b3ce2\" data-element_type=\"section\" data-settings=\"{&quot;background_background&quot;:&quot;classic&quot;}\">\n\t\t\t\t\t\t\t<div class=\"elementor-background-overlay\"><\/div>\n\t\t\t\t\t\t\t<div class=\"elementor-container elementor-column-gap-default\">\n\t\t\t\t\t\t\t<div class=\"elementor-row\">\n\t\t\t\t\t<div class=\"elementor-column elementor-col-100 elementor-top-column elementor-element elementor-element-6cac238b\" data-id=\"6cac238b\" data-element_type=\"column\">\n\t\t\t<div class=\"elementor-column-wrap elementor-element-populated\">\n\t\t\t\t\t\t\t<div class=\"elementor-widget-wrap\">\n\t\t\t\t\t\t<div class=\"elementor-element elementor-element-27072ad elementor-widget elementor-widget-heading\" data-id=\"27072ad\" data-element_type=\"widget\" data-widget_type=\"heading.default\">\n\t\t\t\t<div class=\"elementor-widget-container\">\n\t\t\t<h2 class=\"elementor-heading-title elementor-size-default\">Do you have any question?<\/h2>\t\t<\/div>\n\t\t\t\t<\/div>\n\t\t\t\t<div class=\"elementor-element elementor-element-54224507 elementor-widget elementor-widget-heading\" data-id=\"54224507\" data-element_type=\"widget\" data-widget_type=\"heading.default\">\n\t\t\t\t<div class=\"elementor-widget-container\">\n\t\t\t<h2 class=\"elementor-heading-title elementor-size-default\"><b>Contact us<\/b><\/h2>\t\t<\/div>\n\t\t\t\t<\/div>\n\t\t\t\t<div class=\"elementor-element elementor-element-23300cb3 elementor-widget elementor-widget-text-editor\" data-id=\"23300cb3\" data-element_type=\"widget\" data-widget_type=\"text-editor.default\">\n\t\t\t\t<div class=\"elementor-widget-container\">\n\t\t\t\t\t<div class=\"elementor-text-editor elementor-clearfix\"><p>Our specialists are waiting for you.<\/p><\/div>\n\t\t\t\t<\/div>\n\t\t\t\t<\/div>\n\t\t\t\t<div class=\"elementor-element elementor-element-70c9eac elementor-align-center elementor-widget elementor-widget-button\" data-id=\"70c9eac\" data-element_type=\"widget\" data-widget_type=\"button.default\">\n\t\t\t\t<div class=\"elementor-widget-container\">\n\t\t\t\t\t<div class=\"elementor-button-wrapper\">\n\t\t\t<a href=\"https:\/\/wpsworkshop.com\/en\/contacto\/\" class=\"elementor-button-link elementor-button elementor-size-sm\" role=\"button\">\n\t\t\t\t\t\t<span class=\"elementor-button-content-wrapper\">\n\t\t\t\t\t\t<span class=\"elementor-button-icon elementor-align-icon-right\">\n\t\t\t\t<i aria-hidden=\"true\" class=\"fas fa-angle-right\"><\/i>\t\t\t<\/span>\n\t\t\t\t\t\t<span class=\"elementor-button-text\">Contact<\/span>\n\t\t<\/span>\n\t\t\t\t\t<\/a>\n\t\t<\/div>\n\t\t\t\t<\/div>\n\t\t\t\t<\/div>\n\t\t\t\t\t\t<\/div>\n\t\t\t\t\t<\/div>\n\t\t<\/div>\n\t\t\t\t\t\t\t\t<\/div>\n\t\t\t\t\t<\/div>\n\t\t<\/section>\n\t\t\t\t\t\t<\/div>\n\t\t\t\t\t\t<\/div>\n\t\t\t\t\t<\/div>","protected":false},"excerpt":{"rendered":"<p>WELLHEAD &amp; PUMP SYSTEMS Recursos Recursos gratuitos para petroleros expertos y aspirantes Calculadora de desplazamiento de bomba mec\u00e1nica Calcula la capacidad de desplazamiento de barriles por d\u00eda de una bomba mec\u00e1nica Calculadora de p\u00e9rdida por escurrimiento en bomba mec\u00e1nica Esta calculadora permite conocer la cantidad de barriles por d\u00eda que se pierden por el escurrimiento &hellip;<\/p>\n<p class=\"read-more\"> <a class=\"\" href=\"https:\/\/wpsworkshop.com\/en\/recursos\/\"> <span class=\"screen-reader-text\">Resources<\/span> Read More &raquo;<\/a><\/p>","protected":false},"author":2,"featured_media":0,"parent":0,"menu_order":0,"comment_status":"closed","ping_status":"closed","template":"","meta":{"footnotes":""},"class_list":["post-2099","page","type-page","status-publish","hentry"],"_links":{"self":[{"href":"https:\/\/wpsworkshop.com\/en\/wp-json\/wp\/v2\/pages\/2099","targetHints":{"allow":["GET"]}}],"collection":[{"href":"https:\/\/wpsworkshop.com\/en\/wp-json\/wp\/v2\/pages"}],"about":[{"href":"https:\/\/wpsworkshop.com\/en\/wp-json\/wp\/v2\/types\/page"}],"author":[{"embeddable":true,"href":"https:\/\/wpsworkshop.com\/en\/wp-json\/wp\/v2\/users\/2"}],"replies":[{"embeddable":true,"href":"https:\/\/wpsworkshop.com\/en\/wp-json\/wp\/v2\/comments?post=2099"}],"version-history":[{"count":21,"href":"https:\/\/wpsworkshop.com\/en\/wp-json\/wp\/v2\/pages\/2099\/revisions"}],"predecessor-version":[{"id":2425,"href":"https:\/\/wpsworkshop.com\/en\/wp-json\/wp\/v2\/pages\/2099\/revisions\/2425"}],"wp:attachment":[{"href":"https:\/\/wpsworkshop.com\/en\/wp-json\/wp\/v2\/media?parent=2099"}],"curies":[{"name":"wp","href":"https:\/\/api.w.org\/{rel}","templated":true}]}}